{"id":4997,"date":"2023-05-19T08:34:29","date_gmt":"2023-05-19T08:34:29","guid":{"rendered":"https:\/\/festivawl.com\/kontaktirajte-nas\/"},"modified":"2024-05-17T08:16:18","modified_gmt":"2024-05-17T08:16:18","slug":"kontaktirajte-nas","status":"publish","type":"page","link":"https:\/\/festivawl.com\/hr\/kontaktirajte-nas\/","title":{"rendered":"Kontaktirajte nas"},"content":{"rendered":"\t\t<div data-elementor-type=\"wp-page\" data-elementor-id=\"4997\" class=\"elementor elementor-4997 elementor-1703\" data-elementor-post-type=\"page\">\n\t\t\t\t<div class=\"elementor-element elementor-element-b085a4f e-con-full elementor-hidden-mobile animated-fast e-flex elementor-invisible e-con e-parent\" data-id=\"b085a4f\" data-element_type=\"container\" data-settings=\"{&quot;background_background&quot;:&quot;classic&quot;,&quot;position&quot;:&quot;fixed&quot;,&quot;jet_parallax_layout_list&quot;:[],&quot;animation&quot;:&quot;fadeIn&quot;}\">\n\t\t\t\t<\/div>\n\t\t<div class=\"elementor-element elementor-element-5e5a778 e-con-full elementor-hidden-desktop elementor-hidden-tablet e-flex e-con e-parent\" data-id=\"5e5a778\" data-element_type=\"container\" data-settings=\"{&quot;position&quot;:&quot;fixed&quot;,&quot;jet_parallax_layout_list&quot;:[]}\">\n\t\t\t\t<\/div>\n\t\t<div class=\"elementor-element elementor-element-e66689d e-flex e-con-boxed e-con e-parent\" data-id=\"e66689d\" data-element_type=\"container\" data-settings=\"{&quot;jet_parallax_layout_list&quot;:[]}\">\n\t\t\t\t\t<div class=\"e-con-inner\">\n\t\t<div class=\"elementor-element elementor-element-0849d71 e-con-full e-flex e-con e-child\" data-id=\"0849d71\" data-element_type=\"container\" data-settings=\"{&quot;jet_parallax_layout_list&quot;:[]}\">\n\t\t\t\t<div class=\"elementor-element elementor-element-228d9d9 elementor-widget__width-inherit elementor-invisible elementor-widget elementor-widget-heading\" data-id=\"228d9d9\" data-element_type=\"widget\" data-settings=\"{&quot;_animation&quot;:&quot;fadeInUp&quot;,&quot;_animation_delay&quot;:150}\" data-widget_type=\"heading.default\">\n\t\t\t\t<div class=\"elementor-widget-container\">\n\t\t\t\t\t<h1 class=\"elementor-heading-title elementor-size-default\">Kontaktirajte nas<\/h1>\t\t\t\t<\/div>\n\t\t\t\t<\/div>\n\t\t\t\t<div class=\"elementor-element elementor-element-d51edbf elementor-invisible elementor-widget elementor-widget-heading\" data-id=\"d51edbf\" data-element_type=\"widget\" data-settings=\"{&quot;_animation&quot;:&quot;fadeInUp&quot;,&quot;_animation_delay&quot;:250}\" data-widget_type=\"heading.default\">\n\t\t\t\t<div class=\"elementor-widget-container\">\n\t\t\t\t\t<h2 class=\"elementor-heading-title elementor-size-default\">Radujemo se \u0161to \u0107emo vas upoznati.<\/h2>\t\t\t\t<\/div>\n\t\t\t\t<\/div>\n\t\t\t\t<div class=\"elementor-element elementor-element-ebe5f03 elementor-widget__width-initial elementor-invisible elementor-widget elementor-widget-heading\" data-id=\"ebe5f03\" data-element_type=\"widget\" data-settings=\"{&quot;_animation&quot;:&quot;fadeInUp&quot;,&quot;_animation_delay&quot;:350}\" data-widget_type=\"heading.default\">\n\t\t\t\t<div class=\"elementor-widget-container\">\n\t\t\t\t\t<h3 class=\"elementor-heading-title elementor-size-default\">U Festivawlu smo uvijek uzbu\u0111eni zbog povezivanja. Bilo da ste posjetitelj festivala, organizator ili samo znati\u017eeljni o nama - va\u0161e misli i upiti su va\u017eni. Ne ustru\u010davajte se javiti; va\u0161a perspektiva mo\u017ee nas potaknuti naprijed.  <\/h3>\t\t\t\t<\/div>\n\t\t\t\t<\/div>\n\t\t<div class=\"elementor-element elementor-element-a2ac633 e-con-full e-flex elementor-invisible e-con e-child\" data-id=\"a2ac633\" data-element_type=\"container\" data-settings=\"{&quot;jet_parallax_layout_list&quot;:[],&quot;animation&quot;:&quot;fadeInUp&quot;,&quot;animation_delay&quot;:450}\">\n\t\t\t\t<div class=\"elementor-element elementor-element-e47f1cf elementor-hidden-mobile elementor-widget elementor-widget-hotspot\" data-id=\"e47f1cf\" data-element_type=\"widget\" data-settings=\"{&quot;hotspot&quot;:[{&quot;_id&quot;:&quot;a8d8465&quot;,&quot;hotspot_icon&quot;:{&quot;value&quot;:&quot;fas fa-info&quot;,&quot;library&quot;:&quot;fa-solid&quot;},&quot;hotspot_custom_size&quot;:&quot;&quot;,&quot;hotspot_height&quot;:{&quot;unit&quot;:&quot;px&quot;,&quot;size&quot;:19,&quot;sizes&quot;:[]},&quot;hotspot_tooltip_content&quot;:&quot;&lt;p&gt;Festivawl ima certifikat o neutralnosti ugljika. Kompenziramo sve emisije ugljika, doprinose\\u0107i odr\\u017eivoj budu\\u0107nosti. Kori\\u0161tenje na\\u0161e aplikacije podr\\u017eava ovu misiju.&lt;\\\/p&gt;\\n&quot;,&quot;hotspot_horizontal&quot;:&quot;right&quot;,&quot;hotspot_offset_x&quot;:{&quot;unit&quot;:&quot;%&quot;,&quot;size&quot;:-20,&quot;sizes&quot;:[]},&quot;hotspot_offset_y&quot;:{&quot;unit&quot;:&quot;%&quot;,&quot;size&quot;:0,&quot;sizes&quot;:[]},&quot;hotspot_tooltip_position&quot;:&quot;yes&quot;,&quot;hotspot_tooltip_width&quot;:{&quot;unit&quot;:&quot;px&quot;,&quot;size&quot;:230,&quot;sizes&quot;:[]},&quot;hotspot_tooltip_text_wrap&quot;:&quot;yes&quot;,&quot;index&quot;:0,&quot;__dynamic__&quot;:null,&quot;hotspot_label&quot;:&quot;&quot;,&quot;hotspot_link&quot;:{&quot;url&quot;:&quot;&quot;,&quot;is_external&quot;:&quot;&quot;,&quot;nofollow&quot;:&quot;&quot;,&quot;custom_attributes&quot;:&quot;&quot;},&quot;hotspot_vertical&quot;:&quot;top&quot;,&quot;hotspot_position&quot;:&quot;&quot;,&quot;hotspot_position_tablet&quot;:&quot;&quot;,&quot;hotspot_position_mobile&quot;:&quot;&quot;}],&quot;tooltip_position&quot;:&quot;left&quot;,&quot;tooltip_trigger&quot;:&quot;mouseenter&quot;,&quot;tooltip_animation&quot;:&quot;e-hotspot--fade-in-out&quot;}\" data-widget_type=\"hotspot.default\">\n\t\t\t\t<div class=\"elementor-widget-container\">\n\t\t\t\t\t<img fetchpriority=\"high\" decoding=\"async\" width=\"500\" height=\"120\" src=\"https:\/\/festivawl.com\/wp-content\/uploads\/2023\/05\/Frame-8-1.png\" class=\"attachment-full size-full wp-image-1238\" alt=\"Certification Badge\" \/>\n\t\t\t\t\t\t<div class=\"e-hotspot elementor-repeater-item-a8d8465  e-hotspot--position-right e-hotspot--position-top   e-hotspot--icon\">\n\n\t\t\t\t\t\t\t\t<div class=\"e-hotspot__button e-hotspot--overlay\">\n\t\t\t\t\t\t\t\t\t\t\t\t\t\t\t\t\t\t<div class=\"e-hotspot__icon\"><svg class=\"e-font-icon-svg e-fas-info\" viewBox=\"0 0 192 512\" xmlns=\"http:\/\/www.w3.org\/2000\/svg\"><path d=\"M20 424.229h20V279.771H20c-11.046 0-20-8.954-20-20V212c0-11.046 8.954-20 20-20h112c11.046 0 20 8.954 20 20v212.229h20c11.046 0 20 8.954 20 20V492c0 11.046-8.954 20-20 20H20c-11.046 0-20-8.954-20-20v-47.771c0-11.046 8.954-20 20-20zM96 0C56.235 0 24 32.235 24 72s32.235 72 72 72 72-32.235 72-72S135.764 0 96 0z\"><\/path><\/svg><\/div>\n\t\t\t\t\t\t\t\t\t\t\t\t\t\t\t\t\t\t\t\t\t<\/div>\n\n\t\t\t\t\t\t\t\t\t\t\t\t\t\t\t\t\t\t<div class=\"e-hotspot__tooltip  e-hotspot--tooltip-position e-hotspot--fade-in-out \" >\n\t\t\t\t\t\t<p>Festivawl ima certifikat o neutralnosti ugljika. Kompenziramo sve emisije ugljika, doprinose\u0107i odr\u017eivoj budu\u0107nosti. Kori\u0161tenje na\u0161e aplikacije podr\u017eava ovu misiju.<\/p>\n\t\t\t\t\t<\/div>\n\t\t\t\t\t\t\t\t\t\n\t\t\t<\/div>\n\n\t\n\t\t\t\t\t\t<\/div>\n\t\t\t\t<\/div>\n\t\t\t\t<\/div>\n\t\t\t\t<\/div>\n\t\t<div class=\"elementor-element elementor-element-a1325b0 e-con-full e-flex elementor-invisible e-con e-child\" data-id=\"a1325b0\" data-element_type=\"container\" data-settings=\"{&quot;jet_parallax_layout_list&quot;:[],&quot;animation&quot;:&quot;fadeInUp&quot;,&quot;animation_delay&quot;:500}\">\n\t\t\t\t<div class=\"elementor-element elementor-element-9bac738 elementor-button-align-stretch elementor-widget elementor-widget-form\" data-id=\"9bac738\" data-element_type=\"widget\" data-settings=\"{&quot;step_next_label&quot;:&quot;Sljede\\u0107e&quot;,&quot;step_previous_label&quot;:&quot;Prethodno&quot;,&quot;button_width&quot;:&quot;100&quot;,&quot;step_type&quot;:&quot;number_text&quot;,&quot;step_icon_shape&quot;:&quot;circle&quot;}\" data-widget_type=\"form.default\">\n\t\t\t\t<div class=\"elementor-widget-container\">\n\t\t\t\t\t\t\t<form class=\"elementor-form\" method=\"post\" name=\"New Form\" aria-label=\"New Form\">\n\t\t\t<input type=\"hidden\" name=\"post_id\" value=\"4997\"\/>\n\t\t\t<input type=\"hidden\" name=\"form_id\" value=\"9bac738\"\/>\n\t\t\t<input type=\"hidden\" name=\"referer_title\" value=\"Festival Mobile App with Calendar view | Festivawl\" \/>\n\n\t\t\t\n\t\t\t<div class=\"elementor-form-fields-wrapper elementor-labels-above\">\n\t\t\t\t\t\t\t\t<div class=\"elementor-field-type-text elementor-field-group elementor-column elementor-field-group-name elementor-col-100 elementor-field-required elementor-mark-required\">\n\t\t\t\t\t\t\t\t\t\t\t\t<label for=\"form-field-name\" class=\"elementor-field-label\">\n\t\t\t\t\t\t\t\tPuno ime\t\t\t\t\t\t\t<\/label>\n\t\t\t\t\t\t\t\t\t\t\t\t\t\t<input size=\"1\" type=\"text\" name=\"form_fields[name]\" id=\"form-field-name\" class=\"elementor-field elementor-size-md  elementor-field-textual\" placeholder=\"Puno ime\" required=\"required\">\n\t\t\t\t\t\t\t\t\t\t\t<\/div>\n\t\t\t\t\t\t\t\t<div class=\"elementor-field-type-email elementor-field-group elementor-column elementor-field-group-email elementor-col-100 elementor-field-required elementor-mark-required\">\n\t\t\t\t\t\t\t\t\t\t\t\t<label for=\"form-field-email\" class=\"elementor-field-label\">\n\t\t\t\t\t\t\t\tEmail adresa\t\t\t\t\t\t\t<\/label>\n\t\t\t\t\t\t\t\t\t\t\t\t\t\t<input size=\"1\" type=\"email\" name=\"form_fields[email]\" id=\"form-field-email\" class=\"elementor-field elementor-size-md  elementor-field-textual\" placeholder=\"Email adresa\" required=\"required\">\n\t\t\t\t\t\t\t\t\t\t\t<\/div>\n\t\t\t\t\t\t\t\t<div class=\"elementor-field-type-select elementor-field-group elementor-column elementor-field-group-subject elementor-col-50 elementor-field-required elementor-mark-required\">\n\t\t\t\t\t\t\t\t\t\t\t\t<label for=\"form-field-subject\" class=\"elementor-field-label\">\n\t\t\t\t\t\t\t\tPredmet\t\t\t\t\t\t\t<\/label>\n\t\t\t\t\t\t\t\t<div class=\"elementor-field elementor-select-wrapper remove-before \">\n\t\t\t<div class=\"select-caret-down-wrapper\">\n\t\t\t\t<svg aria-hidden=\"true\" class=\"e-font-icon-svg e-eicon-caret-down\" viewBox=\"0 0 571.4 571.4\" xmlns=\"http:\/\/www.w3.org\/2000\/svg\"><path d=\"M571 393Q571 407 561 418L311 668Q300 679 286 679T261 668L11 418Q0 407 0 393T11 368 36 357H536Q550 357 561 368T571 393Z\"><\/path><\/svg>\t\t\t<\/div>\n\t\t\t<select name=\"form_fields[subject]\" id=\"form-field-subject\" class=\"elementor-field-textual elementor-size-md\" required=\"required\">\n\t\t\t\t\t\t\t\t\t<option value=\"\"><\/option>\n\t\t\t\t\t\t\t\t\t<option value=\"Op\u0107i upit\">Op\u0107i upit<\/option>\n\t\t\t\t\t\t\t\t\t<option value=\"Prijedlog partnerstva\">Prijedlog partnerstva<\/option>\n\t\t\t\t\t\t\t\t\t<option value=\"Zahtjev za podr\u0161ku\">Zahtjev za podr\u0161ku<\/option>\n\t\t\t\t\t\t\t\t\t<option value=\"Prijedlog za festival\">Prijedlog za festival<\/option>\n\t\t\t\t\t\t\t<\/select>\n\t\t<\/div>\n\t\t\t\t\t\t<\/div>\n\t\t\t\t\t\t\t\t<div class=\"elementor-field-type-select elementor-field-group elementor-column elementor-field-group-user_type elementor-col-50 elementor-field-required elementor-mark-required\">\n\t\t\t\t\t\t\t\t\t\t\t\t<label for=\"form-field-user_type\" class=\"elementor-field-label\">\n\t\t\t\t\t\t\t\tRecite nam vi\u0161e o sebi\t\t\t\t\t\t\t<\/label>\n\t\t\t\t\t\t\t\t<div class=\"elementor-field elementor-select-wrapper remove-before \">\n\t\t\t<div class=\"select-caret-down-wrapper\">\n\t\t\t\t<svg aria-hidden=\"true\" class=\"e-font-icon-svg e-eicon-caret-down\" viewBox=\"0 0 571.4 571.4\" xmlns=\"http:\/\/www.w3.org\/2000\/svg\"><path d=\"M571 393Q571 407 561 418L311 668Q300 679 286 679T261 668L11 418Q0 407 0 393T11 368 36 357H536Q550 357 561 368T571 393Z\"><\/path><\/svg>\t\t\t<\/div>\n\t\t\t<select name=\"form_fields[user_type]\" id=\"form-field-user_type\" class=\"elementor-field-textual elementor-size-md\" required=\"required\">\n\t\t\t\t\t\t\t\t\t<option value=\"\"><\/option>\n\t\t\t\t\t\t\t\t\t<option value=\"Posjetitelj festivala\">Posjetitelj festivala<\/option>\n\t\t\t\t\t\t\t\t\t<option value=\"Organizator festivala\">Organizator festivala<\/option>\n\t\t\t\t\t\t\t\t\t<option value=\"Umjetnik\">Umjetnik<\/option>\n\t\t\t\t\t\t\t\t\t<option value=\"Sponzor\">Sponzor<\/option>\n\t\t\t\t\t\t\t\t\t<option value=\"Tisak\/Mediji\">Tisak\/Mediji<\/option>\n\t\t\t\t\t\t\t\t\t<option value=\"Ostalo\">Ostalo<\/option>\n\t\t\t\t\t\t\t<\/select>\n\t\t<\/div>\n\t\t\t\t\t\t<\/div>\n\t\t\t\t\t\t\t\t<div class=\"elementor-field-type-textarea elementor-field-group elementor-column elementor-field-group-hear_about elementor-col-100\">\n\t\t\t\t\t\t\t\t\t\t\t\t<label for=\"form-field-hear_about\" class=\"elementor-field-label\">\n\t\t\t\t\t\t\t\tKako ste \u010duli za nas? (opcionalno) \t\t\t\t\t\t\t<\/label>\n\t\t\t\t\t\t<textarea class=\"elementor-field-textual elementor-field  elementor-size-md\" name=\"form_fields[hear_about]\" id=\"form-field-hear_about\" rows=\"1\" placeholder=\"Voljeli bismo znati kako ste \u010duli za nas!\"><\/textarea>\t\t\t\t<\/div>\n\t\t\t\t\t\t\t\t<div class=\"elementor-field-type-textarea elementor-field-group elementor-column elementor-field-group-message elementor-col-100 elementor-field-required elementor-mark-required\">\n\t\t\t\t\t\t\t\t\t\t\t\t<label for=\"form-field-message\" class=\"elementor-field-label\">\n\t\t\t\t\t\t\t\tKako vam mo\u017eemo pomo\u0107i?\t\t\t\t\t\t\t<\/label>\n\t\t\t\t\t\t<textarea class=\"elementor-field-textual elementor-field  elementor-size-md\" name=\"form_fields[message]\" id=\"form-field-message\" rows=\"4\" placeholder=\"Recite nam vi\u0161e o va\u0161em projektu i kako vam Festivawl mo\u017ee pomo\u0107i\" required=\"required\"><\/textarea>\t\t\t\t<\/div>\n\t\t\t\t\t\t\t\t<div class=\"elementor-field-type-recaptcha_v3 elementor-field-group elementor-column elementor-field-group-field_b578e5b elementor-col-100 recaptcha_v3-bottomright\">\n\t\t\t\t\t<div class=\"elementor-field\" id=\"form-field-field_b578e5b\"><div class=\"elementor-g-recaptcha\" data-sitekey=\"6LeAtDgqAAAAAHJMcsCUCHe4wHCw35B7yvfAwH1K\" data-type=\"v3\" data-action=\"Form\" data-badge=\"bottomright\" data-size=\"invisible\"><\/div><\/div>\t\t\t\t<\/div>\n\t\t\t\t\t\t\t\t<div class=\"elementor-field-group elementor-column elementor-field-type-submit elementor-col-100 e-form__buttons\">\n\t\t\t\t\t<button class=\"elementor-button elementor-size-sm\" type=\"submit\">\n\t\t\t\t\t\t<span class=\"elementor-button-content-wrapper\">\n\t\t\t\t\t\t\t\t\t\t\t\t\t\t\t\t\t\t\t\t\t\t<span class=\"elementor-button-text\">Po\u0161alji obrazac<\/span>\n\t\t\t\t\t\t\t\t\t\t\t\t\t<\/span>\n\t\t\t\t\t<\/button>\n\t\t\t\t<\/div>\n\t\t\t<\/div>\n\t\t<\/form>\n\t\t\t\t\t\t<\/div>\n\t\t\t\t<\/div>\n\t\t\t\t<\/div>\n\t\t\t\t\t<\/div>\n\t\t\t\t<\/div>\n\t\t\t\t<\/div>\n\t\t<div style='text-align:left' class='yasr-auto-insert-visitor'><!--Yasr Visitor Votes Shortcode--><div id='yasr_visitor_votes_a126d8fe9c7d2' class='yasr-visitor-votes'><div class=\"yasr-custom-text-vv-before yasr-custom-text-vv-before-4997\">Let us know if you liked it!<\/div><div id='yasr-vv-second-row-container-a126d8fe9c7d2'\r\n                                        class='yasr-vv-second-row-container'><div id='yasr-visitor-votes-rater-a126d8fe9c7d2'\r\n                                      class='yasr-rater-stars-vv'\r\n                                      data-rater-postid='4997'\r\n                                      data-rating='0'\r\n                                      data-rater-starsize='24'\r\n                                      data-rater-readonly='false'\r\n                                      data-rater-nonce='8f77f2ee92'\r\n                                      data-issingular='false'\r\n                                    ><\/div><div class=\"yasr-vv-stats-text-container\" id=\"yasr-vv-stats-text-container-a126d8fe9c7d2\"><span id=\"yasr-vv-text-container-a126d8fe9c7d2\" class=\"yasr-vv-text-container\"> [Total: <span id=\"yasr-vv-votes-number-container-a126d8fe9c7d2\">0<\/span> Average: <span id=\"yasr-vv-average-container-a126d8fe9c7d2\">0<\/span>]<\/span><\/div><div id='yasr-vv-loader-a126d8fe9c7d2' class='yasr-vv-container-loader'><\/div><\/div><div id='yasr-vv-bottom-container-a126d8fe9c7d2'\r\n                              class='yasr-vv-bottom-container'\r\n                              style='display:none'><\/div><\/div><!--End Yasr Visitor Votes Shortcode--><\/div>","protected":false},"excerpt":{"rendered":"<p>Kontaktirajte nas Radujemo se \u0161to \u0107emo vas upoznati. U Festivawlu smo uvijek uzbu\u0111eni zbog povezivanja. Bilo da ste posjetitelj festivala, organizator ili samo znati\u017eeljni o nama &#8211; va\u0161e misli i upiti su va\u017eni. Ne ustru\u010davajte se javiti; va\u0161a perspektiva mo\u017ee nas potaknuti naprijed. Festivawl ima certifikat o neutralnosti ugljika. Kompenziramo sve emisije ugljika, doprinose\u0107i odr\u017eivoj [&hellip;]<\/p>\n","protected":false},"author":1,"featured_media":3692,"parent":0,"menu_order":0,"comment_status":"closed","ping_status":"closed","template":"elementor_header_footer","meta":{"yasr_overall_rating":0,"yasr_post_is_review":"","yasr_auto_insert_disabled":"","yasr_review_type":"","footnotes":""},"class_list":["post-4997","page","type-page","status-publish","has-post-thumbnail","hentry"],"yoast_head":"<!-- This site is optimized with the Yoast SEO plugin v26.0 - https:\/\/yoast.com\/wordpress\/plugins\/seo\/ -->\n<title>Kontaktirajte nas<\/title>\n<meta name=\"description\" content=\"Imate li pitanje? Kontaktirajte nas i na\u0161 ljubazni tim rado \u0107e vam pomo\u0107i. Obratite nam se za bilo kakve upite, partnerstva ili povratne informacije.\" \/>\n<meta name=\"robots\" content=\"index, follow, max-snippet:-1, max-image-preview:large, max-video-preview:-1\" \/>\n<link rel=\"canonical\" href=\"https:\/\/festivawl.com\/hr\/kontaktirajte-nas\/\" \/>\n<meta property=\"og:locale\" content=\"hr_HR\" \/>\n<meta property=\"og:type\" content=\"article\" \/>\n<meta property=\"og:title\" content=\"Kontaktirajte nas\" \/>\n<meta property=\"og:description\" content=\"Imate li pitanje? Kontaktirajte nas i na\u0161 ljubazni tim rado \u0107e vam pomo\u0107i. Obratite nam se za bilo kakve upite, partnerstva ili povratne informacije.\" \/>\n<meta property=\"og:url\" content=\"https:\/\/festivawl.com\/hr\/kontaktirajte-nas\/\" \/>\n<meta property=\"og:site_name\" content=\"Festival Mobile App with Calendar view | Festivawl\" \/>\n<meta property=\"article:modified_time\" content=\"2024-05-17T08:16:18+00:00\" \/>\n<meta property=\"og:image\" content=\"https:\/\/festivawl.com\/wp-content\/uploads\/2023\/05\/Instagram-story-12.jpg\" \/>\n\t<meta property=\"og:image:width\" content=\"1200\" \/>\n\t<meta property=\"og:image:height\" content=\"640\" \/>\n\t<meta property=\"og:image:type\" content=\"image\/jpeg\" \/>\n<meta name=\"twitter:card\" content=\"summary_large_image\" \/>\n<meta name=\"twitter:site\" content=\"@festivawlapp\" \/>\n<script type=\"application\/ld+json\" class=\"yoast-schema-graph\">{\"@context\":\"https:\/\/schema.org\",\"@graph\":[{\"@type\":\"WebPage\",\"@id\":\"https:\/\/festivawl.com\/hr\/kontaktirajte-nas\/\",\"url\":\"https:\/\/festivawl.com\/hr\/kontaktirajte-nas\/\",\"name\":\"Kontaktirajte nas\",\"isPartOf\":{\"@id\":\"https:\/\/festivawl.com\/hr\/#website\"},\"primaryImageOfPage\":{\"@id\":\"https:\/\/festivawl.com\/hr\/kontaktirajte-nas\/#primaryimage\"},\"image\":{\"@id\":\"https:\/\/festivawl.com\/hr\/kontaktirajte-nas\/#primaryimage\"},\"thumbnailUrl\":\"https:\/\/festivawl.com\/wp-content\/uploads\/2023\/05\/Instagram-story-12.jpg\",\"datePublished\":\"2023-05-19T08:34:29+00:00\",\"dateModified\":\"2024-05-17T08:16:18+00:00\",\"description\":\"Imate li pitanje? Kontaktirajte nas i na\u0161 ljubazni tim rado \u0107e vam pomo\u0107i. Obratite nam se za bilo kakve upite, partnerstva ili povratne informacije.\",\"breadcrumb\":{\"@id\":\"https:\/\/festivawl.com\/hr\/kontaktirajte-nas\/#breadcrumb\"},\"inLanguage\":\"hr\",\"potentialAction\":[{\"@type\":\"ReadAction\",\"target\":[\"https:\/\/festivawl.com\/hr\/kontaktirajte-nas\/\"]}]},{\"@type\":\"ImageObject\",\"inLanguage\":\"hr\",\"@id\":\"https:\/\/festivawl.com\/hr\/kontaktirajte-nas\/#primaryimage\",\"url\":\"https:\/\/festivawl.com\/wp-content\/uploads\/2023\/05\/Instagram-story-12.jpg\",\"contentUrl\":\"https:\/\/festivawl.com\/wp-content\/uploads\/2023\/05\/Instagram-story-12.jpg\",\"width\":1200,\"height\":640,\"caption\":\"Festivawl Mobile App\"},{\"@type\":\"BreadcrumbList\",\"@id\":\"https:\/\/festivawl.com\/hr\/kontaktirajte-nas\/#breadcrumb\",\"itemListElement\":[{\"@type\":\"ListItem\",\"position\":1,\"name\":\"Home\",\"item\":\"https:\/\/festivawl.com\/hr\/\"},{\"@type\":\"ListItem\",\"position\":2,\"name\":\"Kontaktirajte nas\"}]},{\"@type\":\"WebSite\",\"@id\":\"https:\/\/festivawl.com\/hr\/#website\",\"url\":\"https:\/\/festivawl.com\/hr\/\",\"name\":\"Festival Mobile App with Calendar view | Festivawl\",\"description\":\"\",\"publisher\":{\"@id\":\"https:\/\/festivawl.com\/hr\/#organization\"},\"potentialAction\":[{\"@type\":\"SearchAction\",\"target\":{\"@type\":\"EntryPoint\",\"urlTemplate\":\"https:\/\/festivawl.com\/hr\/?s={search_term_string}\"},\"query-input\":{\"@type\":\"PropertyValueSpecification\",\"valueRequired\":true,\"valueName\":\"search_term_string\"}}],\"inLanguage\":\"hr\"},{\"@type\":\"Organization\",\"@id\":\"https:\/\/festivawl.com\/hr\/#organization\",\"name\":\"Festivawl\",\"url\":\"https:\/\/festivawl.com\/hr\/\",\"logo\":{\"@type\":\"ImageObject\",\"inLanguage\":\"hr\",\"@id\":\"https:\/\/festivawl.com\/hr\/#\/schema\/logo\/image\/\",\"url\":\"https:\/\/festivawl.com\/wp-content\/uploads\/2023\/04\/cropped-Logo-horizontal.png\",\"contentUrl\":\"https:\/\/festivawl.com\/wp-content\/uploads\/2023\/04\/cropped-Logo-horizontal.png\",\"width\":1500,\"height\":371,\"caption\":\"Festivawl\"},\"image\":{\"@id\":\"https:\/\/festivawl.com\/hr\/#\/schema\/logo\/image\/\"},\"sameAs\":[\"https:\/\/x.com\/festivawlapp\"]},false]}<\/script>\n<!-- \/ Yoast SEO plugin. -->","yoast_head_json":{"title":"Kontaktirajte nas","description":"Imate li pitanje? Kontaktirajte nas i na\u0161 ljubazni tim rado \u0107e vam pomo\u0107i. Obratite nam se za bilo kakve upite, partnerstva ili povratne informacije.","robots":{"index":"index","follow":"follow","max-snippet":"max-snippet:-1","max-image-preview":"max-image-preview:large","max-video-preview":"max-video-preview:-1"},"canonical":"https:\/\/festivawl.com\/hr\/kontaktirajte-nas\/","og_locale":"hr_HR","og_type":"article","og_title":"Kontaktirajte nas","og_description":"Imate li pitanje? Kontaktirajte nas i na\u0161 ljubazni tim rado \u0107e vam pomo\u0107i. Obratite nam se za bilo kakve upite, partnerstva ili povratne informacije.","og_url":"https:\/\/festivawl.com\/hr\/kontaktirajte-nas\/","og_site_name":"Festival Mobile App with Calendar view | Festivawl","article_modified_time":"2024-05-17T08:16:18+00:00","og_image":[{"width":1200,"height":640,"url":"https:\/\/festivawl.com\/wp-content\/uploads\/2023\/05\/Instagram-story-12.jpg","type":"image\/jpeg"}],"twitter_card":"summary_large_image","twitter_site":"@festivawlapp","schema":{"@context":"https:\/\/schema.org","@graph":[{"@type":"WebPage","@id":"https:\/\/festivawl.com\/hr\/kontaktirajte-nas\/","url":"https:\/\/festivawl.com\/hr\/kontaktirajte-nas\/","name":"Kontaktirajte nas","isPartOf":{"@id":"https:\/\/festivawl.com\/hr\/#website"},"primaryImageOfPage":{"@id":"https:\/\/festivawl.com\/hr\/kontaktirajte-nas\/#primaryimage"},"image":{"@id":"https:\/\/festivawl.com\/hr\/kontaktirajte-nas\/#primaryimage"},"thumbnailUrl":"https:\/\/festivawl.com\/wp-content\/uploads\/2023\/05\/Instagram-story-12.jpg","datePublished":"2023-05-19T08:34:29+00:00","dateModified":"2024-05-17T08:16:18+00:00","description":"Imate li pitanje? Kontaktirajte nas i na\u0161 ljubazni tim rado \u0107e vam pomo\u0107i. Obratite nam se za bilo kakve upite, partnerstva ili povratne informacije.","breadcrumb":{"@id":"https:\/\/festivawl.com\/hr\/kontaktirajte-nas\/#breadcrumb"},"inLanguage":"hr","potentialAction":[{"@type":"ReadAction","target":["https:\/\/festivawl.com\/hr\/kontaktirajte-nas\/"]}]},{"@type":"ImageObject","inLanguage":"hr","@id":"https:\/\/festivawl.com\/hr\/kontaktirajte-nas\/#primaryimage","url":"https:\/\/festivawl.com\/wp-content\/uploads\/2023\/05\/Instagram-story-12.jpg","contentUrl":"https:\/\/festivawl.com\/wp-content\/uploads\/2023\/05\/Instagram-story-12.jpg","width":1200,"height":640,"caption":"Festivawl Mobile App"},{"@type":"BreadcrumbList","@id":"https:\/\/festivawl.com\/hr\/kontaktirajte-nas\/#breadcrumb","itemListElement":[{"@type":"ListItem","position":1,"name":"Home","item":"https:\/\/festivawl.com\/hr\/"},{"@type":"ListItem","position":2,"name":"Kontaktirajte nas"}]},{"@type":"WebSite","@id":"https:\/\/festivawl.com\/hr\/#website","url":"https:\/\/festivawl.com\/hr\/","name":"Festival Mobile App with Calendar view | Festivawl","description":"","publisher":{"@id":"https:\/\/festivawl.com\/hr\/#organization"},"potentialAction":[{"@type":"SearchAction","target":{"@type":"EntryPoint","urlTemplate":"https:\/\/festivawl.com\/hr\/?s={search_term_string}"},"query-input":{"@type":"PropertyValueSpecification","valueRequired":true,"valueName":"search_term_string"}}],"inLanguage":"hr"},{"@type":"Organization","@id":"https:\/\/festivawl.com\/hr\/#organization","name":"Festivawl","url":"https:\/\/festivawl.com\/hr\/","logo":{"@type":"ImageObject","inLanguage":"hr","@id":"https:\/\/festivawl.com\/hr\/#\/schema\/logo\/image\/","url":"https:\/\/festivawl.com\/wp-content\/uploads\/2023\/04\/cropped-Logo-horizontal.png","contentUrl":"https:\/\/festivawl.com\/wp-content\/uploads\/2023\/04\/cropped-Logo-horizontal.png","width":1500,"height":371,"caption":"Festivawl"},"image":{"@id":"https:\/\/festivawl.com\/hr\/#\/schema\/logo\/image\/"},"sameAs":["https:\/\/x.com\/festivawlapp"]},false]}},"yasr_visitor_votes":{"stars_attributes":{"read_only":false,"span_bottom":false},"number_of_votes":0,"sum_votes":0},"_links":{"self":[{"href":"https:\/\/festivawl.com\/hr\/wp-json\/wp\/v2\/pages\/4997","targetHints":{"allow":["GET"]}}],"collection":[{"href":"https:\/\/festivawl.com\/hr\/wp-json\/wp\/v2\/pages"}],"about":[{"href":"https:\/\/festivawl.com\/hr\/wp-json\/wp\/v2\/types\/page"}],"author":[{"embeddable":true,"href":"https:\/\/festivawl.com\/hr\/wp-json\/wp\/v2\/users\/1"}],"replies":[{"embeddable":true,"href":"https:\/\/festivawl.com\/hr\/wp-json\/wp\/v2\/comments?post=4997"}],"version-history":[{"count":0,"href":"https:\/\/festivawl.com\/hr\/wp-json\/wp\/v2\/pages\/4997\/revisions"}],"wp:featuredmedia":[{"embeddable":true,"href":"https:\/\/festivawl.com\/hr\/wp-json\/wp\/v2\/media\/3692"}],"wp:attachment":[{"href":"https:\/\/festivawl.com\/hr\/wp-json\/wp\/v2\/media?parent=4997"}],"curies":[{"name":"wp","href":"https:\/\/api.w.org\/{rel}","templated":true}]}}